{"id":22,"date":"2026-03-05T11:29:56","date_gmt":"2026-03-05T11:29:56","guid":{"rendered":"https:\/\/kubatta.pl\/?page_id=22"},"modified":"2026-03-31T16:05:37","modified_gmt":"2026-03-31T16:05:37","slug":"services","status":"publish","type":"page","link":"https:\/\/kubatta.pl\/index.php\/services\/","title":{"rendered":"Nasze us\u0142ugi"},"content":{"rendered":"<div class=\"et_pb_section_0 et_pb_section et_section_regular et_block_section preset--module--divi-section--default\">\n<div class=\"et_pb_row_0 et_pb_row et_block_row preset--module--divi-row--default\">\n<div class=\"et_pb_column_0 et_pb_column et_pb_column_4_4 et-last-child et_block_column et_pb_css_mix_blend_mode_passthrough\">\n<div class=\"et_pb_heading_0 et_pb_heading et_pb_module et_block_module preset--module--divi-heading--1e9c39ee-c223-4350-951a-69e2f0d6a984\"><div class=\"et_pb_heading_container\"><h1 class=\"et_pb_module_header\">Nasze us\u0142ugi<\/h1><\/div><\/div>\n<\/div>\n<\/div>\n<\/div>\n\n<div class=\"et_pb_section_1 et_pb_section et_section_regular et_block_section preset--module--divi-section--be846197-d742-41be-a1f9-f25b98613d33\">\n<div class=\"et_pb_row_1 et_pb_row et_pb_equal_columns et_pb_gutters1 et_block_row preset--module--divi-row--default\">\n<div class=\"et_pb_column_1 et_pb_column et_pb_column_1_3 et_block_column et_pb_css_mix_blend_mode_passthrough\">\n<div class=\"et_pb_image_0 et_pb_image et_pb_module et_block_module preset--module--divi-image--911e2eeb-ac8b-4a46-aa69-38fdb075e072\"><span class=\"et_pb_image_wrap\"><img decoding=\"async\" src=\"https:\/\/startersites4.divi.support\/accountant\/wp-content\/uploads\/sites\/8\/2025\/06\/accountant-02.jpg\" title=\"accountant-02\" \/><\/span><\/div>\n\n<div class=\"et_pb_heading_1 et_pb_heading et_pb_module et_block_module preset--module--divi-heading--7226ad10-caef-4afd-b402-99001b79acc5\"><div class=\"et_pb_heading_container\"><h5 class=\"et_pb_module_header\">KPiR i Rycza\u0142t dla JDG<\/h5><\/div><\/div>\n\n<div class=\"et_pb_text_0 et_pb_text et_pb_bg_layout_light et_pb_module et_block_module preset--module--divi-text--e1dacd72-7d90-448c-8e7d-1d52ec8135d9\"><div class=\"et_pb_text_inner\"><p><span>Prowadzimy Twoj\u0105 ksi\u0119gowo\u015b\u0107 od A do Z \u2013 ewidencje, deklaracje i ZUS w\u0142a\u015bciciela, tak aby\u015b zawsze wiedzia\u0142, ile zarabiasz i ile podatku zap\u0142acisz.<\/span><\/p>\n<\/div><\/div>\n<\/div>\n\n<div class=\"et_pb_column_2 et_pb_column et_pb_column_1_3 et_block_column et_pb_css_mix_blend_mode_passthrough\">\n<div class=\"et_pb_image_1 et_pb_image et_pb_module et_block_module preset--module--divi-image--911e2eeb-ac8b-4a46-aa69-38fdb075e072\"><span class=\"et_pb_image_wrap\"><img decoding=\"async\" src=\"https:\/\/startersites4.divi.support\/accountant\/wp-content\/uploads\/sites\/8\/2025\/06\/accountant-03.jpg\" title=\"accountant-03\" \/><\/span><\/div>\n\n<div class=\"et_pb_heading_2 et_pb_heading et_pb_module et_block_module preset--module--divi-heading--7226ad10-caef-4afd-b402-99001b79acc5\"><div class=\"et_pb_heading_container\"><h5 class=\"et_pb_module_header\">Pe\u0142na ksi\u0119gowo\u015b\u0107 dla sp\u00f3\u0142ek i NGO<\/h5><\/div><\/div>\n\n<div class=\"et_pb_text_1 et_pb_text et_pb_bg_layout_light et_pb_module et_block_module preset--module--divi-text--e1dacd72-7d90-448c-8e7d-1d52ec8135d9\"><div class=\"et_pb_text_inner\"><p><span>Obs\u0142ugujemy sp\u00f3\u0142ki i stowarzyszenia: pe\u0142ne ksi\u0119gi, sprawozdania finansowe, JPK i raporty dla zarz\u0105du, \u017ceby decyzje biznesowe opiera\u0142y si\u0119 na rzetelnych danych.<\/span><\/p>\n<\/div><\/div>\n<\/div>\n\n<div class=\"et_pb_column_3 et_pb_column et_pb_column_1_3 et-last-child et_block_column et_pb_css_mix_blend_mode_passthrough\">\n<div class=\"et_pb_image_2 et_pb_image et_pb_module et_block_module preset--module--divi-image--911e2eeb-ac8b-4a46-aa69-38fdb075e072\"><span class=\"et_pb_image_wrap\"><img decoding=\"async\" src=\"https:\/\/startersites4.divi.support\/accountant\/wp-content\/uploads\/sites\/8\/2025\/06\/accountant-04.jpg\" title=\"accountant-04\" \/><\/span><\/div>\n\n<div class=\"et_pb_heading_3 et_pb_heading et_pb_module et_block_module preset--module--divi-heading--7226ad10-caef-4afd-b402-99001b79acc5\"><div class=\"et_pb_heading_container\"><h5 class=\"et_pb_module_header\">Kadry i p\u0142ace<\/h5><\/div><\/div>\n\n<div class=\"et_pb_text_2 et_pb_text et_pb_bg_layout_light et_pb_module et_block_module preset--module--divi-text--e1dacd72-7d90-448c-8e7d-1d52ec8135d9\"><div class=\"et_pb_text_inner\"><p><span>Przygotowujemy umowy, listy p\u0142ac, zg\u0142oszenia do ZUS i rozliczenia pracownik\u00f3w, dbaj\u0105c o terminy i zgodno\u015b\u0107 z przepisami prawa pracy.<\/span><\/p>\n<\/div><\/div>\n<\/div>\n<\/div>\n<\/div>\n\n<div class=\"et_pb_section_2 et_pb_section et_section_regular et_block_section preset--module--divi-section--be846197-d742-41be-a1f9-f25b98613d33\">\n<div class=\"et_pb_row_2 et_pb_row et_pb_equal_columns et_pb_gutters1 et_block_row preset--module--divi-row--default\">\n<div class=\"et_pb_column_4 et_pb_column et_pb_column_1_3 et_block_column et_pb_css_mix_blend_mode_passthrough\">\n<div class=\"et_pb_image_3 et_pb_image et_pb_module et_block_module preset--module--divi-image--911e2eeb-ac8b-4a46-aa69-38fdb075e072\"><span class=\"et_pb_image_wrap\"><img decoding=\"async\" src=\"https:\/\/startersites4.divi.support\/accountant\/wp-content\/uploads\/sites\/8\/2025\/06\/accountant-05.jpg\" title=\"accountant-05\" \/><\/span><\/div>\n\n<div class=\"et_pb_heading_4 et_pb_heading et_pb_module et_block_module preset--module--divi-heading--7226ad10-caef-4afd-b402-99001b79acc5\"><div class=\"et_pb_heading_container\"><h5 class=\"et_pb_module_header\">Wnioski o dofinansowania i biznesplany<\/h5><\/div><\/div>\n\n<div class=\"et_pb_text_3 et_pb_text et_pb_bg_layout_light et_pb_module et_block_module preset--module--divi-text--e1dacd72-7d90-448c-8e7d-1d52ec8135d9\"><div class=\"et_pb_text_inner\"><p><span>Tworzymy biznesplany i kompletujemy wnioski o dotacje, po\u017cyczki i inne formy wsparcia, zwi\u0119kszaj\u0105c szanse na pozytywn\u0105 decyzj\u0119 instytucji.<\/span><\/p>\n<\/div><\/div>\n<\/div>\n\n<div class=\"et_pb_column_5 et_pb_column et_pb_column_1_3 et_block_column et_pb_css_mix_blend_mode_passthrough\">\n<div class=\"et_pb_image_4 et_pb_image et_pb_module et_block_module preset--module--divi-image--911e2eeb-ac8b-4a46-aa69-38fdb075e072\"><span class=\"et_pb_image_wrap\"><img decoding=\"async\" src=\"https:\/\/startersites4.divi.support\/accountant\/wp-content\/uploads\/sites\/8\/2025\/06\/accountant-06.jpg\" title=\"accountant-06\" \/><\/span><\/div>\n\n<div class=\"et_pb_heading_5 et_pb_heading et_pb_module et_block_module preset--module--divi-heading--7226ad10-caef-4afd-b402-99001b79acc5\"><div class=\"et_pb_heading_container\"><h5 class=\"et_pb_module_header\">Doradztwo podatkowe i wyb\u00f3r formy opodatkowania<\/h5><\/div><\/div>\n\n<div class=\"et_pb_text_4 et_pb_text et_pb_bg_layout_light et_pb_module et_block_module preset--module--divi-text--e1dacd72-7d90-448c-8e7d-1d52ec8135d9\"><div class=\"et_pb_text_inner\"><p><span>Analizujemy Twoj\u0105 sytuacj\u0119 i dobieramy najkorzystniejsz\u0105 form\u0119 opodatkowania, podpowiadamy mo\u017cliwe ulgi i planujemy podatki z wyprzedzeniem, zamiast gasi\u0107 po\u017cary na ostatni\u0105 chwil\u0119.<\/span><\/p>\n<\/div><\/div>\n<\/div>\n\n<div class=\"et_pb_column_6 et_pb_column et_pb_column_1_3 et-last-child et_block_column et_pb_css_mix_blend_mode_passthrough\">\n<div class=\"et_pb_image_5 et_pb_image et_pb_module et_block_module preset--module--divi-image--911e2eeb-ac8b-4a46-aa69-38fdb075e072\"><span class=\"et_pb_image_wrap\"><img loading=\"lazy\" decoding=\"async\" src=\"https:\/\/kubatta.pl\/wp-content\/uploads\/2026\/03\/accountant-07.jpg\" width=\"400\" height=\"600\" srcset=\"https:\/\/kubatta.pl\/wp-content\/uploads\/2026\/03\/accountant-07.jpg 400w, https:\/\/kubatta.pl\/wp-content\/uploads\/2026\/03\/accountant-07-200x300.jpg 200w\" sizes=\"(max-width: 400px) 100vw, 400px\" class=\"wp-image-53\" title=\"accountant-07\" \/><\/span><\/div>\n\n<div class=\"et_pb_heading_6 et_pb_heading et_pb_module et_block_module preset--module--divi-heading--7226ad10-caef-4afd-b402-99001b79acc5\"><div class=\"et_pb_heading_container\"><h5 class=\"et_pb_module_header\">Za\u0142o\u017cenie firmy lub sp\u00f3\u0142ki<\/h5><\/div><\/div>\n\n<div class=\"et_pb_text_5 et_pb_text et_pb_bg_layout_light et_pb_module et_block_module preset--module--divi-text--e1dacd72-7d90-448c-8e7d-1d52ec8135d9\"><div class=\"et_pb_text_inner\"><p><span>Pomagamy wybra\u0107 form\u0119 dzia\u0142alno\u015bci, wype\u0142ni\u0107 wnioski i przej\u015b\u0107 przez rejestracj\u0119 w CEIDG, KRS i urz\u0119dach, tak aby\u015b m\u00f3g\u0142 szybko legalnie wystartowa\u0107.<\/span><\/p>\n<\/div><\/div>\n<\/div>\n<\/div>\n<\/div>\n\n<div class=\"et_pb_section_3 et_pb_section et_section_regular et_block_section preset--module--divi-section--af1b6c36-0978-43cc-827c-0c57aa10dfd6\">\n<div class=\"et_pb_row_3 et_pb_row et_block_row preset--module--divi-row--default\">\n<div class=\"et_pb_column_7 et_pb_column et_pb_column_1_2 et_block_column et_pb_css_mix_blend_mode_passthrough\">\n<div class=\"et_pb_heading_7 et_pb_heading et_pb_module et_block_module preset--module--divi-heading--default\"><div class=\"et_pb_heading_container\"><h2 class=\"et_pb_module_header\">Zr\u00f3b pierwszy krok do w\u0142asnej firmy<\/h2><\/div><\/div>\n\n<div class=\"et_pb_text_6 et_pb_text et_pb_bg_layout_light et_pb_module et_block_module preset--module--divi-text--918d72e7-0ac8-41b4-9d19-d9a099c0fafb\"><div class=\"et_pb_text_inner\"><p><span>My ogarniamy przepisy i formularze, Ty skupiasz si\u0119 na pomy\u015ble. Doradzimy, jak\u0105 form\u0119 dzia\u0142alno\u015bci wybra\u0107, przygotujemy wnioski i przeprowadzimy Ci\u0119 krok po kroku przez rejestracj\u0119, \u017ceby\u015b m\u00f3g\u0142 jak najszybciej legalnie wystartowa\u0107.<\/span><\/p>\n<\/div><\/div>\n\n<div class=\"et_pb_toggle_0 et_pb_toggle et_pb_toggle_item et_pb_toggle_close et_pb_module et_block_module preset--module--divi-toggle--598aeeb6-b613-456e-8696-01abc9e54826\"><h5 class=\"et_pb_toggle_title\">Indywidualne podej\u015bcie<\/h5><div class=\"et_pb_toggle_content clearfix\"><p><span>Zanim cokolwiek wype\u0142nimy, rozmawiamy o Twojej sytuacji i planach. T\u0142umaczymy r\u00f3\u017cnice mi\u0119dzy formami dzia\u0142alno\u015bci i podatk\u00f3w, a potem proponujemy rozwi\u0105zanie dopasowane do Twojego pomys\u0142u na biznes.<\/span><\/p>\n<\/div><\/div>\n\n<div class=\"et_pb_toggle_1 et_pb_toggle et_pb_toggle_item et_pb_toggle_close et_pb_module et_block_module preset--module--divi-toggle--598aeeb6-b613-456e-8696-01abc9e54826\"><h5 class=\"et_pb_toggle_title\">Planuj z pewno\u015bci\u0105<\/h5><div class=\"et_pb_toggle_content clearfix\"><p><span>Dostajesz jasny plan: co, kiedy i ile kosztuje rejestracja. \u017badnych niespodzianek \u2013 wiemy dok\u0142adnie, jak za\u0142o\u017cy\u0107 JDG lub sp\u00f3\u0142k\u0119 i ile to zajmie czasu.<\/span><\/p>\n<\/div><\/div>\n\n<div class=\"et_pb_toggle_2 et_pb_toggle et_pb_toggle_item et_pb_toggle_close et_pb_module et_block_module preset--module--divi-toggle--598aeeb6-b613-456e-8696-01abc9e54826\"><h5 class=\"et_pb_toggle_title\">Rozwi\u0105zania nastawione na przysz\u0142o\u015b\u0107<\/h5><div class=\"et_pb_toggle_content clearfix\"><p><span>Od samego pocz\u0105tku planujemy podatki i rozw\u00f3j \u2013 doradzimy, jak za\u0142o\u017cy\u0107 firm\u0119 tak, \u017ceby p\u00f3\u017aniej \u0142atwiej by\u0142o Ci przej\u015b\u0107 na inny model, gdy biznes si\u0119 rozwinie.<\/span><\/p>\n<\/div><\/div>\n\n<div class=\"et_pb_module et_pb_button_module_wrapper et_pb_button_0_wrapper preset--module--divi-button--aeca3d3e-3092-4c5d-baf3-1e6ea5e14085_wrapper\"><a class=\"et_pb_button_0 et_pb_button et_pb_bg_layout_light et_pb_module et_block_module preset--module--divi-button--aeca3d3e-3092-4c5d-baf3-1e6ea5e14085\" href=\"https:\/\/kubatta.pl\/index.php\/contact\/\">Popro\u015b o wycen\u0119<\/a><\/div>\n<\/div>\n\n<div class=\"et_pb_column_8 et_pb_column et_pb_column_1_2 et-last-child et_block_column et_pb_css_mix_blend_mode_passthrough\">\n<div class=\"et_pb_image_6 et_pb_image et_pb_module et_block_module preset--module--divi-image--911e2eeb-ac8b-4a46-aa69-38fdb075e072\"><span class=\"et_pb_image_wrap\"><img loading=\"lazy\" decoding=\"async\" src=\"https:\/\/kubatta.pl\/wp-content\/uploads\/2026\/03\/accountant-18.jpg\" width=\"810\" height=\"825\" srcset=\"https:\/\/kubatta.pl\/wp-content\/uploads\/2026\/03\/accountant-18.jpg 810w, https:\/\/kubatta.pl\/wp-content\/uploads\/2026\/03\/accountant-18-480x489.jpg 480w\" sizes=\"(min-width: 0px) and (max-width: 480px) 480px, (min-width: 481px) 810px, 100vw\" class=\"wp-image-54\" title=\"accountant-18\" \/><\/span><\/div>\n<\/div>\n<\/div>\n<\/div>","protected":false},"excerpt":{"rendered":"","protected":false},"author":1,"featured_media":0,"parent":0,"menu_order":0,"comment_status":"closed","ping_status":"closed","template":"","meta":{"footnotes":""},"class_list":["post-22","page","type-page","status-publish","hentry"],"yoast_head":"<!-- This site is optimized with the Yoast SEO plugin v27.3 - https:\/\/yoast.com\/product\/yoast-seo-wordpress\/ -->\n<title>Nasze us\u0142ugi - Biuro Rachunkowe PAKTA Consulting<\/title>\n<meta name=\"robots\" content=\"index, follow, max-snippet:-1, max-image-preview:large, max-video-preview:-1\" \/>\n<link rel=\"canonical\" href=\"https:\/\/kubatta.pl\/index.php\/services\/\" \/>\n<meta property=\"og:locale\" content=\"en_US\" \/>\n<meta property=\"og:type\" content=\"article\" \/>\n<meta property=\"og:title\" content=\"Nasze us\u0142ugi - Biuro Rachunkowe PAKTA Consulting\" \/>\n<meta property=\"og:url\" content=\"https:\/\/kubatta.pl\/index.php\/services\/\" \/>\n<meta property=\"og:site_name\" content=\"Biuro Rachunkowe PAKTA Consulting\" \/>\n<meta property=\"article:modified_time\" content=\"2026-03-31T16:05:37+00:00\" \/>\n<meta name=\"twitter:card\" content=\"summary_large_image\" \/>\n<script type=\"application\/ld+json\" class=\"yoast-schema-graph\">{\"@context\":\"https:\\\/\\\/schema.org\",\"@graph\":[{\"@type\":\"WebPage\",\"@id\":\"https:\\\/\\\/kubatta.pl\\\/index.php\\\/services\\\/\",\"url\":\"https:\\\/\\\/kubatta.pl\\\/index.php\\\/services\\\/\",\"name\":\"Nasze us\u0142ugi - Biuro Rachunkowe PAKTA Consulting\",\"isPartOf\":{\"@id\":\"https:\\\/\\\/kubatta.pl\\\/#website\"},\"datePublished\":\"2026-03-05T11:29:56+00:00\",\"dateModified\":\"2026-03-31T16:05:37+00:00\",\"breadcrumb\":{\"@id\":\"https:\\\/\\\/kubatta.pl\\\/index.php\\\/services\\\/#breadcrumb\"},\"inLanguage\":\"en-US\",\"potentialAction\":[{\"@type\":\"ReadAction\",\"target\":[\"https:\\\/\\\/kubatta.pl\\\/index.php\\\/services\\\/\"]}]},{\"@type\":\"BreadcrumbList\",\"@id\":\"https:\\\/\\\/kubatta.pl\\\/index.php\\\/services\\\/#breadcrumb\",\"itemListElement\":[{\"@type\":\"ListItem\",\"position\":1,\"name\":\"Home\",\"item\":\"https:\\\/\\\/kubatta.pl\\\/\"},{\"@type\":\"ListItem\",\"position\":2,\"name\":\"Nasze us\u0142ugi\"}]},{\"@type\":\"WebSite\",\"@id\":\"https:\\\/\\\/kubatta.pl\\\/#website\",\"url\":\"https:\\\/\\\/kubatta.pl\\\/\",\"name\":\"Biuro Rachunkowe PAKTA Consulting\",\"description\":\"Nowoczesne biuro rachunkowe \u2013 ksi\u0119gowo\u015b\u0107 dla JDG, NGO oraz sp\u00f3\u0142ek.\",\"potentialAction\":[{\"@type\":\"SearchAction\",\"target\":{\"@type\":\"EntryPoint\",\"urlTemplate\":\"https:\\\/\\\/kubatta.pl\\\/?s={search_term_string}\"},\"query-input\":{\"@type\":\"PropertyValueSpecification\",\"valueRequired\":true,\"valueName\":\"search_term_string\"}}],\"inLanguage\":\"en-US\"}]}<\/script>\n<!-- \/ Yoast SEO plugin. -->","yoast_head_json":{"title":"Nasze us\u0142ugi - Biuro Rachunkowe PAKTA Consulting","robots":{"index":"index","follow":"follow","max-snippet":"max-snippet:-1","max-image-preview":"max-image-preview:large","max-video-preview":"max-video-preview:-1"},"canonical":"https:\/\/kubatta.pl\/index.php\/services\/","og_locale":"en_US","og_type":"article","og_title":"Nasze us\u0142ugi - Biuro Rachunkowe PAKTA Consulting","og_url":"https:\/\/kubatta.pl\/index.php\/services\/","og_site_name":"Biuro Rachunkowe PAKTA Consulting","article_modified_time":"2026-03-31T16:05:37+00:00","twitter_card":"summary_large_image","schema":{"@context":"https:\/\/schema.org","@graph":[{"@type":"WebPage","@id":"https:\/\/kubatta.pl\/index.php\/services\/","url":"https:\/\/kubatta.pl\/index.php\/services\/","name":"Nasze us\u0142ugi - Biuro Rachunkowe PAKTA Consulting","isPartOf":{"@id":"https:\/\/kubatta.pl\/#website"},"datePublished":"2026-03-05T11:29:56+00:00","dateModified":"2026-03-31T16:05:37+00:00","breadcrumb":{"@id":"https:\/\/kubatta.pl\/index.php\/services\/#breadcrumb"},"inLanguage":"en-US","potentialAction":[{"@type":"ReadAction","target":["https:\/\/kubatta.pl\/index.php\/services\/"]}]},{"@type":"BreadcrumbList","@id":"https:\/\/kubatta.pl\/index.php\/services\/#breadcrumb","itemListElement":[{"@type":"ListItem","position":1,"name":"Home","item":"https:\/\/kubatta.pl\/"},{"@type":"ListItem","position":2,"name":"Nasze us\u0142ugi"}]},{"@type":"WebSite","@id":"https:\/\/kubatta.pl\/#website","url":"https:\/\/kubatta.pl\/","name":"Biuro Rachunkowe PAKTA Consulting","description":"Nowoczesne biuro rachunkowe \u2013 ksi\u0119gowo\u015b\u0107 dla JDG, NGO oraz sp\u00f3\u0142ek.","potentialAction":[{"@type":"SearchAction","target":{"@type":"EntryPoint","urlTemplate":"https:\/\/kubatta.pl\/?s={search_term_string}"},"query-input":{"@type":"PropertyValueSpecification","valueRequired":true,"valueName":"search_term_string"}}],"inLanguage":"en-US"}]}},"_links":{"self":[{"href":"https:\/\/kubatta.pl\/index.php\/wp-json\/wp\/v2\/pages\/22","targetHints":{"allow":["GET"]}}],"collection":[{"href":"https:\/\/kubatta.pl\/index.php\/wp-json\/wp\/v2\/pages"}],"about":[{"href":"https:\/\/kubatta.pl\/index.php\/wp-json\/wp\/v2\/types\/page"}],"author":[{"embeddable":true,"href":"https:\/\/kubatta.pl\/index.php\/wp-json\/wp\/v2\/users\/1"}],"replies":[{"embeddable":true,"href":"https:\/\/kubatta.pl\/index.php\/wp-json\/wp\/v2\/comments?post=22"}],"version-history":[{"count":6,"href":"https:\/\/kubatta.pl\/index.php\/wp-json\/wp\/v2\/pages\/22\/revisions"}],"predecessor-version":[{"id":153,"href":"https:\/\/kubatta.pl\/index.php\/wp-json\/wp\/v2\/pages\/22\/revisions\/153"}],"wp:attachment":[{"href":"https:\/\/kubatta.pl\/index.php\/wp-json\/wp\/v2\/media?parent=22"}],"curies":[{"name":"wp","href":"https:\/\/api.w.org\/{rel}","templated":true}]}}