{"id":30,"date":"2026-03-05T11:29:56","date_gmt":"2026-03-05T11:29:56","guid":{"rendered":"https:\/\/kubatta.pl\/?page_id=30"},"modified":"2026-04-08T15:52:28","modified_gmt":"2026-04-08T15:52:28","slug":"contact","status":"publish","type":"page","link":"https:\/\/kubatta.pl\/index.php\/contact\/","title":{"rendered":"Dane kontaktowe"},"content":{"rendered":"<div class=\"et_pb_section_0 et_pb_section et_section_regular et_block_section preset--module--divi-section--default\">\n<div class=\"et_pb_row_0 et_pb_row et_block_row preset--module--divi-row--default\">\n<div class=\"et_pb_column_0 et_pb_column et_pb_column_4_4 et-last-child et_block_column et_pb_css_mix_blend_mode_passthrough\">\n<div class=\"et_pb_heading_0 et_pb_heading et_pb_module et_block_module preset--module--divi-heading--1e9c39ee-c223-4350-951a-69e2f0d6a984\"><div class=\"et_pb_heading_container\"><h1 class=\"et_pb_module_header\">Dane kontaktowe<\/h1><\/div><\/div>\n<\/div>\n<\/div>\n\n<div class=\"et_pb_row_1 et_pb_row et_block_row preset--module--divi-row--default\">\n<div class=\"et_pb_column_1 et_pb_column et_pb_column_1_2 et_block_column et_pb_css_mix_blend_mode_passthrough preset--module--divi-column--e0a86a96-42ee-4bd5-a13a-fb7fc11f5e0f\">\n<div class=\"et_pb_blurb_0 et_pb_blurb et_pb_bg_layout_light et_pb_blurb_position_left et_pb_module et_block_module preset--module--divi-blurb--default\"><div class=\"et_pb_blurb_content\"><div class=\"et_pb_main_blurb_image\"><span class=\"et_pb_image_wrap\"><span class=\"et-pb-icon et-waypoint et_pb_animation_off et_pb_animation_off_tablet et_pb_animation_off_phone\">\uf3c5<\/span><\/span><\/div><div class=\"et_pb_blurb_container\"><h4 class=\"et_pb_module_header\">Adres<\/h4><div class=\"et_pb_blurb_description\"><p>ul. M\u0142y\u0144ska 1<\/p>\n<p>47-330 Januszkowice<\/p>\n<\/div><\/div><\/div><\/div>\n\n<div class=\"et_pb_blurb_1 et_pb_blurb et_pb_bg_layout_light et_pb_blurb_position_left et_pb_module et_block_module preset--module--divi-blurb--default\"><div class=\"et_pb_blurb_content\"><div class=\"et_pb_main_blurb_image\"><span class=\"et_pb_image_wrap\"><span class=\"et-pb-icon et-waypoint et_pb_animation_off et_pb_animation_off_tablet et_pb_animation_off_phone\">\uf0e0<\/span><\/span><\/div><div class=\"et_pb_blurb_container\"><h4 class=\"et_pb_module_header\">Email<\/h4><div class=\"et_pb_blurb_description\"><p><a href=\"mailto:#\">biuro@kubatta.pl<\/a><\/p>\n<\/div><\/div><\/div><\/div>\n\n<div class=\"et_pb_blurb_2 et_pb_blurb et_pb_bg_layout_light et_pb_blurb_position_left et_pb_module et_block_module preset--module--divi-blurb--default\"><div class=\"et_pb_blurb_content\"><div class=\"et_pb_main_blurb_image\"><span class=\"et_pb_image_wrap\"><span class=\"et-pb-icon et-waypoint et_pb_animation_off et_pb_animation_off_tablet et_pb_animation_off_phone\">\uf879<\/span><\/span><\/div><div class=\"et_pb_blurb_container\"><h4 class=\"et_pb_module_header\">Telefon<\/h4><div class=\"et_pb_blurb_description\"><p>+48 799 032 999<\/p>\n<\/div><\/div><\/div><\/div>\n<\/div>\n\n<div class=\"et_pb_column_2 et_pb_column et_pb_column_1_2 et-last-child et_block_column et_pb_css_mix_blend_mode_passthrough\">\n<div class=\"et_pb_image_0 et_pb_image et_pb_module et_flex_module\"><span class=\"et_pb_image_wrap\"><img loading=\"lazy\" decoding=\"async\" src=\"https:\/\/kubatta.pl\/wp-content\/uploads\/2026\/04\/QR-WhatsApp.jpg\" title=\"QR WhatsApp\" width=\"1242\" height=\"1358\" srcset=\"https:\/\/kubatta.pl\/wp-content\/uploads\/2026\/04\/QR-WhatsApp.jpg 1242w, https:\/\/kubatta.pl\/wp-content\/uploads\/2026\/04\/QR-WhatsApp-980x1072.jpg 980w, https:\/\/kubatta.pl\/wp-content\/uploads\/2026\/04\/QR-WhatsApp-480x525.jpg 480w\" sizes=\"(min-width: 0px) and (max-width: 480px) 480px, (min-width: 481px) and (max-width: 980px) 980px, (min-width: 981px) 1242px, 100vw\" class=\"wp-image-202\" \/><\/span><\/div>\n<\/div>\n<\/div>\n\n<div class=\"et_pb_row_2 et_pb_row et_flex_row preset--module--divi-row--default\">\n<div class=\"et_pb_column_3 et_pb_column et-last-child et_flex_column et_pb_css_mix_blend_mode_passthrough et_flex_column_24_24 et_flex_column_24_24_tablet et_flex_column_24_24_phone\">\n<div class=\"et_pb_text_0 et_pb_text et_pb_bg_layout_light et_clickable et_pb_module et_flex_module preset--module--divi-text--default\"><div class=\"et_pb_text_inner\"><div style=\"font-size:14px; line-height:1.6;\">\n  Wysy\u0142aj\u0105c wiadomo\u015b\u0107, wyra\u017casz zgod\u0119 na przetwarzanie swoich danych osobowych przez PAKTA Consulting Daniel Kubatta, ul. M\u0142y\u0144ska 1, 47-330 Januszkowice, w celu udzielenia odpowiedzi na zapytanie i prowadzenia korespondencji. Podanie danych jest dobrowolne, ale niezb\u0119dne do obs\u0142ugi wiadomo\u015bci. Masz prawo dost\u0119pu do swoich danych, ich sprostowania, usuni\u0119cia, ograniczenia przetwarzania oraz wniesienia skargi do Prezesa UODO. Szczeg\u00f3\u0142owe informacje znajdziesz w Polityce prywatno\u015bci.\n<\/div>\n<\/div><\/div>\n<\/div>\n<\/div>\n<\/div>\n\n<div class=\"et_pb_section_1 et_pb_section et_section_regular et_block_section preset--module--divi-section--default\">\n<div class=\"et_pb_row_3 et_pb_row et_block_row preset--module--divi-row--default\">\n<div class=\"et_pb_column_4 et_pb_column et_pb_column_1_2 et_block_column et_pb_css_mix_blend_mode_passthrough\">\n<div class=\"et_pb_heading_1 et_pb_heading et_pb_module et_block_module preset--module--divi-heading--default\"><div class=\"et_pb_heading_container\"><h2 class=\"et_pb_module_header\">FAQ<\/h2><\/div><\/div>\n<\/div>\n\n<div class=\"et_pb_column_5 et_pb_column et_pb_column_1_2 et-last-child et_block_column et_pb_css_mix_blend_mode_passthrough\">\n<div class=\"et_pb_accordion_0 et_pb_accordion et_pb_module et_block_module preset--module--divi-accordion--default\">\n<div class=\"et_pb_accordion_item_0 et_pb_accordion_item et_pb_toggle et_pb_module et_pb_toggle_open et_block_module preset--module--divi-accordion-item--default\"><h5 class=\"et_pb_toggle_title\">Z jakimi klientami wsp\u00f3\u0142pracujecie?<\/h5><div class=\"et_pb_toggle_content\"><p><span>Wsp\u00f3\u0142pracujemy z jednoosobowymi dzia\u0142alno\u015bciami (JDG), sp\u00f3\u0142kami, stowarzyszeniami i organizacjami NGO, a tak\u017ce z freelancerami, startupami, ma\u0142ymi firmami, sklepami e\u2011commerce oraz ugruntowanymi przedsi\u0119biorstwami z r\u00f3\u017cnych bran\u017c.<\/span><\/p>\n<\/div><\/div>\n\n<div class=\"et_pb_accordion_item_1 et_pb_accordion_item et_pb_toggle et_pb_module et_pb_toggle_close et_block_module preset--module--divi-accordion-item--default\"><h5 class=\"et_pb_toggle_title\">Ile kosztuj\u0105 wasze us\u0142ugi ksi\u0119gowe?<\/h5><div class=\"et_pb_toggle_content\"><p><span>Koszt us\u0142ug zale\u017cy od formy dzia\u0142alno\u015bci i zakresu obs\u0142ugi. Zapraszamy na nasz\u0105 stron\u0119 z cennikiem pakiet\u00f3w, gdzie znajdziesz aktualne stawki i szczeg\u00f3\u0142owy opis ka\u017cdego pakietu.<\/span><\/p>\n<\/div><\/div>\n\n<div class=\"et_pb_accordion_item_2 et_pb_accordion_item et_pb_toggle et_pb_module et_pb_toggle_close et_block_module preset--module--divi-accordion-item--default\"><h5 class=\"et_pb_toggle_title\">Czy oferujecie zdaln\u0105 obs\u0142ug\u0119?<\/h5><div class=\"et_pb_toggle_content\"><p><span>Tak. Pracujemy z klientami zdalnie, korzystaj\u0105c z bezpiecznych, chmurowych rozwi\u0105za\u0144.<\/span><\/p>\n<\/div><\/div>\n\n<div class=\"et_pb_accordion_item_3 et_pb_accordion_item et_pb_toggle et_pb_module et_pb_toggle_close et_block_module preset--module--divi-accordion-item--default\"><h5 class=\"et_pb_toggle_title\">Na jakim oprogramowaniu ksi\u0119gowym pracujecie?<\/h5><div class=\"et_pb_toggle_content\"><p><span>Pracujemy na popularnych platformach ksi\u0119gowych u\u017cywanych na polskim rynku. Dobieramy oprogramowanie do potrzeb klienta i proces\u00f3w w jego firmie.<\/span><\/p>\n<\/div><\/div>\n<\/div>\n<\/div>\n<\/div>\n<\/div>","protected":false},"excerpt":{"rendered":"","protected":false},"author":1,"featured_media":0,"parent":0,"menu_order":0,"comment_status":"closed","ping_status":"closed","template":"","meta":{"footnotes":""},"class_list":["post-30","page","type-page","status-publish","hentry"],"yoast_head":"<!-- This site is optimized with the Yoast SEO plugin v27.3 - https:\/\/yoast.com\/product\/yoast-seo-wordpress\/ -->\n<title>Dane kontaktowe - Biuro Rachunkowe PAKTA Consulting<\/title>\n<meta name=\"description\" content=\"Kontakt do nowoczesnego Biura Rachunkowego w Januszkowicach. KPiR oraz pe\u0142na ksi\u0119gowo\u015b\u0107 dla NGO i sp\u00f3\u0142ek. Dotacje, dofinansowania, wnioski.\" \/>\n<meta name=\"robots\" content=\"index, follow, max-snippet:-1, max-image-preview:large, max-video-preview:-1\" \/>\n<link rel=\"canonical\" href=\"https:\/\/kubatta.pl\/index.php\/contact\/\" \/>\n<meta property=\"og:locale\" content=\"en_US\" \/>\n<meta property=\"og:type\" content=\"article\" \/>\n<meta property=\"og:title\" content=\"Dane kontaktowe - Biuro Rachunkowe PAKTA Consulting\" \/>\n<meta property=\"og:description\" content=\"Kontakt do nowoczesnego Biura Rachunkowego w Januszkowicach. KPiR oraz pe\u0142na ksi\u0119gowo\u015b\u0107 dla NGO i sp\u00f3\u0142ek. Dotacje, dofinansowania, wnioski.\" \/>\n<meta property=\"og:url\" content=\"https:\/\/kubatta.pl\/index.php\/contact\/\" \/>\n<meta property=\"og:site_name\" content=\"Biuro Rachunkowe PAKTA Consulting\" \/>\n<meta property=\"article:modified_time\" content=\"2026-04-08T15:52:28+00:00\" \/>\n<meta name=\"twitter:card\" content=\"summary_large_image\" \/>\n<script type=\"application\/ld+json\" class=\"yoast-schema-graph\">{\"@context\":\"https:\\\/\\\/schema.org\",\"@graph\":[{\"@type\":\"WebPage\",\"@id\":\"https:\\\/\\\/kubatta.pl\\\/index.php\\\/contact\\\/\",\"url\":\"https:\\\/\\\/kubatta.pl\\\/index.php\\\/contact\\\/\",\"name\":\"Dane kontaktowe - Biuro Rachunkowe PAKTA Consulting\",\"isPartOf\":{\"@id\":\"https:\\\/\\\/kubatta.pl\\\/#website\"},\"datePublished\":\"2026-03-05T11:29:56+00:00\",\"dateModified\":\"2026-04-08T15:52:28+00:00\",\"description\":\"Kontakt do nowoczesnego Biura Rachunkowego w Januszkowicach. KPiR oraz pe\u0142na ksi\u0119gowo\u015b\u0107 dla NGO i sp\u00f3\u0142ek. Dotacje, dofinansowania, wnioski.\",\"breadcrumb\":{\"@id\":\"https:\\\/\\\/kubatta.pl\\\/index.php\\\/contact\\\/#breadcrumb\"},\"inLanguage\":\"en-US\",\"potentialAction\":[{\"@type\":\"ReadAction\",\"target\":[\"https:\\\/\\\/kubatta.pl\\\/index.php\\\/contact\\\/\"]}]},{\"@type\":\"BreadcrumbList\",\"@id\":\"https:\\\/\\\/kubatta.pl\\\/index.php\\\/contact\\\/#breadcrumb\",\"itemListElement\":[{\"@type\":\"ListItem\",\"position\":1,\"name\":\"Home\",\"item\":\"https:\\\/\\\/kubatta.pl\\\/\"},{\"@type\":\"ListItem\",\"position\":2,\"name\":\"Dane kontaktowe\"}]},{\"@type\":\"WebSite\",\"@id\":\"https:\\\/\\\/kubatta.pl\\\/#website\",\"url\":\"https:\\\/\\\/kubatta.pl\\\/\",\"name\":\"Biuro Rachunkowe PAKTA Consulting\",\"description\":\"Nowoczesne biuro rachunkowe \u2013 ksi\u0119gowo\u015b\u0107 dla JDG, NGO oraz sp\u00f3\u0142ek.\",\"potentialAction\":[{\"@type\":\"SearchAction\",\"target\":{\"@type\":\"EntryPoint\",\"urlTemplate\":\"https:\\\/\\\/kubatta.pl\\\/?s={search_term_string}\"},\"query-input\":{\"@type\":\"PropertyValueSpecification\",\"valueRequired\":true,\"valueName\":\"search_term_string\"}}],\"inLanguage\":\"en-US\"}]}<\/script>\n<!-- \/ Yoast SEO plugin. -->","yoast_head_json":{"title":"Dane kontaktowe - Biuro Rachunkowe PAKTA Consulting","description":"Kontakt do nowoczesnego Biura Rachunkowego w Januszkowicach. KPiR oraz pe\u0142na ksi\u0119gowo\u015b\u0107 dla NGO i sp\u00f3\u0142ek. Dotacje, dofinansowania, wnioski.","robots":{"index":"index","follow":"follow","max-snippet":"max-snippet:-1","max-image-preview":"max-image-preview:large","max-video-preview":"max-video-preview:-1"},"canonical":"https:\/\/kubatta.pl\/index.php\/contact\/","og_locale":"en_US","og_type":"article","og_title":"Dane kontaktowe - Biuro Rachunkowe PAKTA Consulting","og_description":"Kontakt do nowoczesnego Biura Rachunkowego w Januszkowicach. KPiR oraz pe\u0142na ksi\u0119gowo\u015b\u0107 dla NGO i sp\u00f3\u0142ek. Dotacje, dofinansowania, wnioski.","og_url":"https:\/\/kubatta.pl\/index.php\/contact\/","og_site_name":"Biuro Rachunkowe PAKTA Consulting","article_modified_time":"2026-04-08T15:52:28+00:00","twitter_card":"summary_large_image","schema":{"@context":"https:\/\/schema.org","@graph":[{"@type":"WebPage","@id":"https:\/\/kubatta.pl\/index.php\/contact\/","url":"https:\/\/kubatta.pl\/index.php\/contact\/","name":"Dane kontaktowe - Biuro Rachunkowe PAKTA Consulting","isPartOf":{"@id":"https:\/\/kubatta.pl\/#website"},"datePublished":"2026-03-05T11:29:56+00:00","dateModified":"2026-04-08T15:52:28+00:00","description":"Kontakt do nowoczesnego Biura Rachunkowego w Januszkowicach. KPiR oraz pe\u0142na ksi\u0119gowo\u015b\u0107 dla NGO i sp\u00f3\u0142ek. Dotacje, dofinansowania, wnioski.","breadcrumb":{"@id":"https:\/\/kubatta.pl\/index.php\/contact\/#breadcrumb"},"inLanguage":"en-US","potentialAction":[{"@type":"ReadAction","target":["https:\/\/kubatta.pl\/index.php\/contact\/"]}]},{"@type":"BreadcrumbList","@id":"https:\/\/kubatta.pl\/index.php\/contact\/#breadcrumb","itemListElement":[{"@type":"ListItem","position":1,"name":"Home","item":"https:\/\/kubatta.pl\/"},{"@type":"ListItem","position":2,"name":"Dane kontaktowe"}]},{"@type":"WebSite","@id":"https:\/\/kubatta.pl\/#website","url":"https:\/\/kubatta.pl\/","name":"Biuro Rachunkowe PAKTA Consulting","description":"Nowoczesne biuro rachunkowe \u2013 ksi\u0119gowo\u015b\u0107 dla JDG, NGO oraz sp\u00f3\u0142ek.","potentialAction":[{"@type":"SearchAction","target":{"@type":"EntryPoint","urlTemplate":"https:\/\/kubatta.pl\/?s={search_term_string}"},"query-input":{"@type":"PropertyValueSpecification","valueRequired":true,"valueName":"search_term_string"}}],"inLanguage":"en-US"}]}},"_links":{"self":[{"href":"https:\/\/kubatta.pl\/index.php\/wp-json\/wp\/v2\/pages\/30","targetHints":{"allow":["GET"]}}],"collection":[{"href":"https:\/\/kubatta.pl\/index.php\/wp-json\/wp\/v2\/pages"}],"about":[{"href":"https:\/\/kubatta.pl\/index.php\/wp-json\/wp\/v2\/types\/page"}],"author":[{"embeddable":true,"href":"https:\/\/kubatta.pl\/index.php\/wp-json\/wp\/v2\/users\/1"}],"replies":[{"embeddable":true,"href":"https:\/\/kubatta.pl\/index.php\/wp-json\/wp\/v2\/comments?post=30"}],"version-history":[{"count":9,"href":"https:\/\/kubatta.pl\/index.php\/wp-json\/wp\/v2\/pages\/30\/revisions"}],"predecessor-version":[{"id":203,"href":"https:\/\/kubatta.pl\/index.php\/wp-json\/wp\/v2\/pages\/30\/revisions\/203"}],"wp:attachment":[{"href":"https:\/\/kubatta.pl\/index.php\/wp-json\/wp\/v2\/media?parent=30"}],"curies":[{"name":"wp","href":"https:\/\/api.w.org\/{rel}","templated":true}]}}